{"id":33,"date":"2024-07-07T11:53:43","date_gmt":"2024-07-07T09:53:43","guid":{"rendered":"http:\/\/softlinecargo.com\/?page_id=33"},"modified":"2024-07-15T00:31:18","modified_gmt":"2024-07-14T22:31:18","slug":"a-propos-de","status":"publish","type":"page","link":"https:\/\/softlinecargo.com\/?page_id=33","title":{"rendered":"Notre \u00e9quipe"},"content":{"rendered":"\n<blockquote class=\"wp-block-quote is-layout-flow wp-block-quote-is-layout-flow\">\n<p style=\"font-size:15px\"><strong>Ahmed Bad\u00e9<\/strong> est un Administrateur dynamique, organis\u00e9 et dot\u00e9 d&#8217;un grand sens des responsabilit\u00e9s. Il dirige et supervise l&#8217;ensemble des op\u00e9rations li\u00e9es aux services de transport a\u00e9rien et de d\u00e9m\u00e9nagement de l&#8217;entreprise.<\/p>\n\n\n\n<p style=\"font-size:15px\">Il prends des d\u00e9cisions rapides et efficaces pour assurer le bon d\u00e9roulement des op\u00e9rations, tout en veillant \u00e0 la satisfaction des clients et au respect des normes de s\u00e9curit\u00e9 en vigueur. C&#8217;est un Manager capable de g\u00e9rer efficacement les \u00e9quipes de travail et de motiver ses collaborateurs pour atteindre les objectifs fix\u00e9s.<\/p>\n\n\n\n<p style=\"font-size:15px\">En outre, son exp\u00e9rience du domaine le rends flexible aux changements rapides du secteur du transport a\u00e9rien et du d\u00e9m\u00e9nagement, en mettant en place des strat\u00e9gies innovantes pour assurer la comp\u00e9titivit\u00e9 de l&#8217;entreprise. Il est \u00e0 l&#8217;\u00e9coute des besoins des clients et est capable de proposer des solutions personnalis\u00e9es et adapt\u00e9es \u00e0 leurs besoins sp\u00e9cifiques.<\/p>\n\n\n\n<p style=\"font-size:15px\">En r\u00e9sum\u00e9, C&#8217;est un leader charismatique et visionnaire, dot\u00e9 d&#8217;une solide exp\u00e9rience dans le secteur du transport et du d\u00e9m\u00e9nagement,  Il a su monter autour de lui une \u00e9quipe capable de relever les d\u00e9fis et de conduire l&#8217;entreprise vers le succ\u00e8s.<\/p>\n<\/blockquote>\n\n\n\n<blockquote class=\"wp-block-quote is-layout-flow wp-block-quote-is-layout-flow\">\n<p>LA TEAM<\/p>\n<\/blockquote>\n\n\n\n<div class=\"wp-block-columns are-vertically-aligned-top is-layout-flex wp-container-core-columns-is-layout-9d6595d7 wp-block-columns-is-layout-flex\">\n<div class=\"wp-block-column is-vertically-aligned-top is-layout-flow wp-block-column-is-layout-flow\" style=\"flex-basis:50%\">\n<figure class=\"wp-block-gallery has-nested-images columns-default is-cropped wp-block-gallery-1 is-layout-flex wp-block-gallery-is-layout-flex\">\n<figure class=\"wp-block-image size-large is-style-rounded\"><img loading=\"lazy\" decoding=\"async\" width=\"960\" height=\"960\" data-id=\"167\" src=\"https:\/\/softlinecargo.com\/wp-content\/uploads\/2024\/07\/DG3-1.jpg\" alt=\"\" class=\"wp-image-167\" srcset=\"https:\/\/softlinecargo.com\/wp-content\/uploads\/2024\/07\/DG3-1.jpg 960w, https:\/\/softlinecargo.com\/wp-content\/uploads\/2024\/07\/DG3-1-300x300.jpg 300w, https:\/\/softlinecargo.com\/wp-content\/uploads\/2024\/07\/DG3-1-150x150.jpg 150w, https:\/\/softlinecargo.com\/wp-content\/uploads\/2024\/07\/DG3-1-768x768.jpg 768w\" sizes=\"auto, (max-width: 960px) 100vw, 960px\" \/><\/figure>\n<\/figure>\n<\/div>\n<\/div>\n\n\n\n<h6 class=\"wp-block-heading has-text-align-center\" style=\"font-size:16px\">AHMED BADE MAHAMAT <\/h6>\n\n\n\n<h6 class=\"wp-block-heading has-text-align-center\" style=\"font-size:16px\">aDMINISTRATEUR G\u00c9N\u00c9RAL<\/h6>\n\n\n\n<div class=\"wp-block-media-text is-stacked-on-mobile\" style=\"grid-template-columns:45% auto\"><figure class=\"wp-block-media-text__media\"><img decoding=\"async\" src=\"http:\/\/softlinecargo.com\/wp-content\/uploads\/2024\/07\/IMG-20240704-WA0008-1.jpg\" alt=\"\" class=\"wp-image-114 size-full\"\/><\/figure><div class=\"wp-block-media-text__content\">\n<p style=\"font-size:16px\"><strong>L\u2019EQUIPE D\u00c9M\u00c9NAGEMENT<\/strong><\/p>\n\n\n\n<figure class=\"wp-block-image size-full\"><img loading=\"lazy\" decoding=\"async\" width=\"1008\" height=\"756\" src=\"https:\/\/softlinecargo.com\/wp-content\/uploads\/2024\/07\/IMG-20200805-WA0011-7.jpg\" alt=\"\" class=\"wp-image-177\" srcset=\"https:\/\/softlinecargo.com\/wp-content\/uploads\/2024\/07\/IMG-20200805-WA0011-7.jpg 1008w, https:\/\/softlinecargo.com\/wp-content\/uploads\/2024\/07\/IMG-20200805-WA0011-7-300x225.jpg 300w, https:\/\/softlinecargo.com\/wp-content\/uploads\/2024\/07\/IMG-20200805-WA0011-7-768x576.jpg 768w\" sizes=\"auto, (max-width: 1008px) 100vw, 1008px\" \/><\/figure>\n\n\n\n<h6 class=\"wp-block-heading\" style=\"font-size:16px\">L&#8217;equipe commerciale<\/h6>\n\n\n\n<figure class=\"wp-block-image size-large is-resized\"><img loading=\"lazy\" decoding=\"async\" width=\"576\" height=\"1024\" src=\"https:\/\/softlinecargo.com\/wp-content\/uploads\/2024\/07\/IMG-20240704-WA0007-8-576x1024.jpg\" alt=\"\" class=\"wp-image-176\" style=\"width:256px;height:auto\" srcset=\"https:\/\/softlinecargo.com\/wp-content\/uploads\/2024\/07\/IMG-20240704-WA0007-8-576x1024.jpg 576w, https:\/\/softlinecargo.com\/wp-content\/uploads\/2024\/07\/IMG-20240704-WA0007-8-169x300.jpg 169w, https:\/\/softlinecargo.com\/wp-content\/uploads\/2024\/07\/IMG-20240704-WA0007-8.jpg 607w\" sizes=\"auto, (max-width: 576px) 100vw, 576px\" \/><\/figure>\n<\/div><\/div>\n","protected":false},"excerpt":{"rendered":"<p>Ahmed Bad\u00e9 est un Administrateur dynamique, organis\u00e9 et dot\u00e9 d&#8217;un grand sens des responsabilit\u00e9s. Il dirige et supervise l&#8217;ensemble des op\u00e9rations li\u00e9es aux services de transport a\u00e9rien et de d\u00e9m\u00e9nagement de l&#8217;entreprise. Il prends des d\u00e9cisions rapides et efficaces pour assurer le bon d\u00e9roulement des op\u00e9rations, tout en veillant \u00e0 la satisfaction des clients et [&hellip;]<\/p>\n","protected":false},"author":1,"featured_media":0,"parent":0,"menu_order":0,"comment_status":"closed","ping_status":"closed","template":"","meta":{"footnotes":""},"class_list":["post-33","page","type-page","status-publish","hentry"],"_links":{"self":[{"href":"https:\/\/softlinecargo.com\/index.php?rest_route=\/wp\/v2\/pages\/33","targetHints":{"allow":["GET"]}}],"collection":[{"href":"https:\/\/softlinecargo.com\/index.php?rest_route=\/wp\/v2\/pages"}],"about":[{"href":"https:\/\/softlinecargo.com\/index.php?rest_route=\/wp\/v2\/types\/page"}],"author":[{"embeddable":true,"href":"https:\/\/softlinecargo.com\/index.php?rest_route=\/wp\/v2\/users\/1"}],"replies":[{"embeddable":true,"href":"https:\/\/softlinecargo.com\/index.php?rest_route=%2Fwp%2Fv2%2Fcomments&post=33"}],"version-history":[{"count":14,"href":"https:\/\/softlinecargo.com\/index.php?rest_route=\/wp\/v2\/pages\/33\/revisions"}],"predecessor-version":[{"id":195,"href":"https:\/\/softlinecargo.com\/index.php?rest_route=\/wp\/v2\/pages\/33\/revisions\/195"}],"wp:attachment":[{"href":"https:\/\/softlinecargo.com\/index.php?rest_route=%2Fwp%2Fv2%2Fmedia&parent=33"}],"curies":[{"name":"wp","href":"https:\/\/api.w.org\/{rel}","templated":true}]}}