{"id":32,"date":"2024-07-07T11:53:43","date_gmt":"2024-07-07T09:53:43","guid":{"rendered":"http:\/\/softlinecargo.com\/?page_id=32"},"modified":"2024-07-20T13:05:10","modified_gmt":"2024-07-20T11:05:10","slug":"creez-votre-site-avec-des-blocs","status":"publish","type":"page","link":"https:\/\/softlinecargo.com\/","title":{"rendered":"Softline company"},"content":{"rendered":"\n<figure class=\"wp-block-image size-large is-resized\"><img loading=\"lazy\" decoding=\"async\" width=\"1024\" height=\"223\" src=\"https:\/\/softlinecargo.com\/wp-content\/uploads\/2024\/07\/logo2-1024x223.png\" alt=\"\" class=\"wp-image-238\" style=\"width:629px;height:auto\" srcset=\"https:\/\/softlinecargo.com\/wp-content\/uploads\/2024\/07\/logo2-1024x223.png 1024w, https:\/\/softlinecargo.com\/wp-content\/uploads\/2024\/07\/logo2-300x65.png 300w, https:\/\/softlinecargo.com\/wp-content\/uploads\/2024\/07\/logo2-768x167.png 768w, https:\/\/softlinecargo.com\/wp-content\/uploads\/2024\/07\/logo2-1536x334.png 1536w, https:\/\/softlinecargo.com\/wp-content\/uploads\/2024\/07\/logo2-2048x445.png 2048w, https:\/\/softlinecargo.com\/wp-content\/uploads\/2024\/07\/logo2-1200x261.png 1200w, https:\/\/softlinecargo.com\/wp-content\/uploads\/2024\/07\/logo2-1980x430.png 1980w\" sizes=\"auto, (max-width: 1024px) 100vw, 1024px\" \/><\/figure>\n\n\n\n<blockquote class=\"wp-block-quote is-layout-flow wp-block-quote-is-layout-flow\">\n<p class=\"has-text-align-left has-small-font-size\">Softline company est une soci\u00e9t\u00e9 sp\u00e9cialis\u00e9e  dans le transport de personnes et de marchandises par voie a\u00e9rienne, ainsi que dans l&#8217;organisation et la gestion de d\u00e9m\u00e9nagements. Nous poss\u00e9dons une exclusivit\u00e9 avec la compagnie a\u00e9rienne Ethiopian airways sur sa flotte d&#8217;avions adapt\u00e9s pour le transport de passagers et de marchandises, et propose des services de transport a\u00e9rien \u00e0 l&#8217;\u00e9chelle nationale et internationale.<\/p>\n\n\n\n<p class=\"has-small-font-size\">En ce qui concerne le d\u00e9m\u00e9nagement, l&#8217;entreprise propose des services de gestion de l&#8217;ensemble du processus de d\u00e9m\u00e9nagement, y compris l&#8217;emballage, le chargement, le transport et le d\u00e9ballage des biens. Elle dispose d&#8217;une \u00e9quipe de d\u00e9m\u00e9nageurs exp\u00e9riment\u00e9s et d&#8217;un \u00e9quipement sp\u00e9cialis\u00e9 pour garantir un d\u00e9m\u00e9nagement efficace et sans encombre.<\/p>\n\n\n\n<p class=\"has-small-font-size\">Les firmes internationales de d\u00e9m\u00e9nagements comme FedEx, DHL, groupe Bollor\u00e9 nous ont fait confiance et travaillent en etroite collaboration avec nous.<\/p>\n\n\n\n<p class=\"has-small-font-size\">Softline company s&#8217;engage \u00e0 offrir \u00e0 ses clients un service de qualit\u00e9, ponctuel et fiable, tout en veillant \u00e0 la s\u00e9curit\u00e9 et \u00e0 la satisfaction du client. Elle propose \u00e9galement des solutions personnalis\u00e9es pour r\u00e9pondre aux besoins sp\u00e9cifiques de chaque client, que ce soit pour un d\u00e9m\u00e9nagement r\u00e9sidentiel, commercial ou industriel, ou pour un transport a\u00e9rien de marchandises sensibles ou urgents.<\/p>\n<\/blockquote>\n\n\n\n<div class=\"wp-block-columns alignwide are-vertically-aligned-top is-layout-flex wp-container-core-columns-is-layout-9d6595d7 wp-block-columns-is-layout-flex\">\n<div class=\"wp-block-column is-vertically-aligned-top is-layout-flow wp-block-column-is-layout-flow\">\n<h5 class=\"wp-block-heading\">FRET A\u00c9RIEN &amp; TERRESTRE<\/h5>\n\n\n\n<p class=\"has-small-font-size\">Nous sommes une entreprise sp\u00e9cialis\u00e9e dans le transport a\u00e9rien et le d\u00e9m\u00e9nagement et vous offrons des services de fret a\u00e9rien pour le transport de marchandises \u00e0 l&#8217;international, ainsi que des services de d\u00e9m\u00e9nagement pour les <\/p>\n<\/div>\n\n\n\n<div class=\"wp-block-column is-vertically-aligned-top is-layout-flow wp-block-column-is-layout-flow\">\n<h5 class=\"wp-block-heading\">D\u00c9M\u00c9NAGEMENT<\/h5>\n\n\n\n<p class=\"has-small-font-size\">Nous sommes une entreprise sp\u00e9cialis\u00e9e dans le transport a\u00e9rien et le d\u00e9m\u00e9nagement et vous offrons des services de fret a\u00e9rien pour le transport de marchandises \u00e0 l&#8217;international, ainsi que des services de d\u00e9m\u00e9nagement pour les particuliers et les entreprises.<\/p>\n\n\n\n<p class=\"has-small-font-size\"><\/p>\n<\/div>\n\n\n\n<div class=\"wp-block-column is-vertically-aligned-top is-layout-flow wp-block-column-is-layout-flow\">\n<h5 class=\"wp-block-heading\">BILLETTERIE<\/h5>\n\n\n\n<p class=\"has-small-font-size\">Nous proposons \u00e9galement des services d\u2019entreposage et de logistique pour faciliter le processus de d\u00e9m\u00e9nagement ou d\u2019exp\u00e9dition.<\/p>\n<\/div>\n<\/div>\n\n\n\n<!--more-->\n\n\n\n<div class=\"wp-block-columns is-layout-flex wp-container-core-columns-is-layout-9d6595d7 wp-block-columns-is-layout-flex\"><\/div>\n\n\n\n<p><\/p>\n","protected":false},"excerpt":{"rendered":"<p>Softline company est une soci\u00e9t\u00e9 sp\u00e9cialis\u00e9e dans le transport de personnes et de marchandises par voie a\u00e9rienne, ainsi que dans l&#8217;organisation et la gestion de d\u00e9m\u00e9nagements. Nous poss\u00e9dons une exclusivit\u00e9 avec la compagnie a\u00e9rienne Ethiopian airways sur sa flotte d&#8217;avions adapt\u00e9s pour le transport de passagers et de marchandises, et propose des services de transport [&hellip;]<\/p>\n","protected":false},"author":1,"featured_media":0,"parent":0,"menu_order":0,"comment_status":"closed","ping_status":"closed","template":"","meta":{"footnotes":""},"class_list":["post-32","page","type-page","status-publish","hentry"],"_links":{"self":[{"href":"https:\/\/softlinecargo.com\/index.php?rest_route=\/wp\/v2\/pages\/32","targetHints":{"allow":["GET"]}}],"collection":[{"href":"https:\/\/softlinecargo.com\/index.php?rest_route=\/wp\/v2\/pages"}],"about":[{"href":"https:\/\/softlinecargo.com\/index.php?rest_route=\/wp\/v2\/types\/page"}],"author":[{"embeddable":true,"href":"https:\/\/softlinecargo.com\/index.php?rest_route=\/wp\/v2\/users\/1"}],"replies":[{"embeddable":true,"href":"https:\/\/softlinecargo.com\/index.php?rest_route=%2Fwp%2Fv2%2Fcomments&post=32"}],"version-history":[{"count":27,"href":"https:\/\/softlinecargo.com\/index.php?rest_route=\/wp\/v2\/pages\/32\/revisions"}],"predecessor-version":[{"id":239,"href":"https:\/\/softlinecargo.com\/index.php?rest_route=\/wp\/v2\/pages\/32\/revisions\/239"}],"wp:attachment":[{"href":"https:\/\/softlinecargo.com\/index.php?rest_route=%2Fwp%2Fv2%2Fmedia&parent=32"}],"curies":[{"name":"wp","href":"https:\/\/api.w.org\/{rel}","templated":true}]}}