{"id":127,"date":"2024-07-13T09:44:08","date_gmt":"2024-07-13T07:44:08","guid":{"rendered":"http:\/\/softlinecargo.com\/?page_id=127"},"modified":"2024-07-15T21:19:53","modified_gmt":"2024-07-15T19:19:53","slug":"nos-services-2","status":"publish","type":"page","link":"https:\/\/softlinecargo.com\/?page_id=127","title":{"rendered":"Nos Services"},"content":{"rendered":"\n<div class=\"wp-block-group alignfull has-background-background-color has-background\" style=\"padding-top:6vw;padding-right:6vw;padding-bottom:6vw;padding-left:6vw\"><div class=\"wp-block-group__inner-container is-layout-flow wp-block-group-is-layout-flow\">\n<div class=\"wp-block-group is-vertical is-nowrap is-layout-flex wp-container-core-group-is-layout-287ef9cb wp-block-group-is-layout-flex\" style=\"padding-right:0;padding-left:0\">\n<blockquote class=\"wp-block-quote is-layout-flow wp-block-quote-is-layout-flow\">\n<p class=\"has-large-font-size\">Le d\u00e9m\u00e9nageur de l\u2019extr\u00eame!<\/p>\n<\/blockquote>\n<\/div>\n\n\n\n<div class=\"wp-block-group alignwide is-vertical is-nowrap is-layout-flex wp-container-core-group-is-layout-8171334d wp-block-group-is-layout-flex\" style=\"padding-top:0;padding-right:0;padding-bottom:0;padding-left:0\">\n<div class=\"wp-block-columns alignwide is-layout-flex wp-container-core-columns-is-layout-2656d967 wp-block-columns-is-layout-flex\">\n<div class=\"wp-block-column is-layout-flow wp-block-column-is-layout-flow\" style=\"flex-basis:33.38%\">\n<ul class=\"wp-block-list\">\n<li>Le Pole <em>D\u00e9m\u00e9nagement un service de qualit\u00e9 irr\u00e9prochable manager par un exp\u00e9riment\u00e9 du domaine.<\/em><\/li>\n<\/ul>\n\n\n\n<ul class=\"wp-block-list\">\n<li><em>Pole Fret a\u00e9rien a fait ses preuve en assurant avec son partenaire Ethiopan Airlines des expeditions de qualit\u00e9<\/em><\/li>\n<\/ul>\n\n\n\n<ul class=\"wp-block-list\">\n<li><em>Pole Billetterie assure un d\u00e9senclavement total vers la sous r\u00e9gion et les autres destinations mondiale.<\/em><\/li>\n<\/ul>\n\n\n\n<ul class=\"wp-block-list\">\n<li><em>Pole transport terrestre et maritime assure  <\/em><\/li>\n<\/ul>\n<\/div>\n\n\n\n<div class=\"wp-block-column is-layout-flow wp-block-column-is-layout-flow\" style=\"flex-basis:33%\">\n<div style=\"height:2vw\" aria-hidden=\"true\" class=\"wp-block-spacer\"><\/div>\n\n\n\n<figure class=\"wp-block-image size-full is-resized\"><img loading=\"lazy\" decoding=\"async\" width=\"1008\" height=\"756\" src=\"http:\/\/softlinecargo.com\/wp-content\/uploads\/2024\/07\/IMG-20200805-WA0011-3.jpg\" alt=\"\" class=\"wp-image-137\" style=\"width:227px;height:auto\" srcset=\"https:\/\/softlinecargo.com\/wp-content\/uploads\/2024\/07\/IMG-20200805-WA0011-3.jpg 1008w, https:\/\/softlinecargo.com\/wp-content\/uploads\/2024\/07\/IMG-20200805-WA0011-3-300x225.jpg 300w, https:\/\/softlinecargo.com\/wp-content\/uploads\/2024\/07\/IMG-20200805-WA0011-3-768x576.jpg 768w\" sizes=\"auto, (max-width: 1008px) 100vw, 1008px\" \/><\/figure>\n\n\n\n<figure class=\"wp-block-image size-large is-resized\"><img loading=\"lazy\" decoding=\"async\" width=\"1024\" height=\"684\" src=\"http:\/\/softlinecargo.com\/wp-content\/uploads\/2024\/07\/fedEx-1024x684.jpg\" alt=\"\" class=\"wp-image-141\" style=\"width:232px;height:auto\" srcset=\"https:\/\/softlinecargo.com\/wp-content\/uploads\/2024\/07\/fedEx-1024x684.jpg 1024w, https:\/\/softlinecargo.com\/wp-content\/uploads\/2024\/07\/fedEx-300x200.jpg 300w, https:\/\/softlinecargo.com\/wp-content\/uploads\/2024\/07\/fedEx-768x513.jpg 768w, https:\/\/softlinecargo.com\/wp-content\/uploads\/2024\/07\/fedEx.jpg 1200w\" sizes=\"auto, (max-width: 1024px) 100vw, 1024px\" \/><\/figure>\n\n\n\n<figure class=\"wp-block-image size-full is-resized\"><img loading=\"lazy\" decoding=\"async\" width=\"607\" height=\"1080\" src=\"http:\/\/softlinecargo.com\/wp-content\/uploads\/2024\/07\/IMG-20240704-WA0007-5.jpg\" alt=\"\" class=\"wp-image-144\" style=\"width:210px;height:auto\" srcset=\"https:\/\/softlinecargo.com\/wp-content\/uploads\/2024\/07\/IMG-20240704-WA0007-5.jpg 607w, https:\/\/softlinecargo.com\/wp-content\/uploads\/2024\/07\/IMG-20240704-WA0007-5-169x300.jpg 169w, https:\/\/softlinecargo.com\/wp-content\/uploads\/2024\/07\/IMG-20240704-WA0007-5-576x1024.jpg 576w\" sizes=\"auto, (max-width: 607px) 100vw, 607px\" \/><\/figure>\n<\/div>\n\n\n\n<div class=\"wp-block-column is-layout-flow wp-block-column-is-layout-flow\"><\/div>\n\n\n\n<div class=\"wp-block-column is-layout-flow wp-block-column-is-layout-flow\"><\/div>\n\n\n\n<div class=\"wp-block-column is-layout-flow wp-block-column-is-layout-flow\" style=\"flex-basis:33.62%\">\n<figure class=\"wp-block-image size-full is-resized\"><img loading=\"lazy\" decoding=\"async\" width=\"756\" height=\"1008\" src=\"http:\/\/softlinecargo.com\/wp-content\/uploads\/2024\/07\/IMG-20200805-WA0010.jpg\" alt=\"\" class=\"wp-image-138\" style=\"width:199px;height:auto\" srcset=\"https:\/\/softlinecargo.com\/wp-content\/uploads\/2024\/07\/IMG-20200805-WA0010.jpg 756w, https:\/\/softlinecargo.com\/wp-content\/uploads\/2024\/07\/IMG-20200805-WA0010-225x300.jpg 225w\" sizes=\"auto, (max-width: 756px) 100vw, 756px\" \/><\/figure>\n\n\n\n<figure class=\"wp-block-image size-full is-resized\"><img loading=\"lazy\" decoding=\"async\" width=\"1008\" height=\"756\" src=\"http:\/\/softlinecargo.com\/wp-content\/uploads\/2024\/07\/IMG-20240704-WA0006-1.jpg\" alt=\"\" class=\"wp-image-132\" style=\"width:242px;height:auto\" srcset=\"https:\/\/softlinecargo.com\/wp-content\/uploads\/2024\/07\/IMG-20240704-WA0006-1.jpg 1008w, https:\/\/softlinecargo.com\/wp-content\/uploads\/2024\/07\/IMG-20240704-WA0006-1-300x225.jpg 300w, https:\/\/softlinecargo.com\/wp-content\/uploads\/2024\/07\/IMG-20240704-WA0006-1-768x576.jpg 768w\" sizes=\"auto, (max-width: 1008px) 100vw, 1008px\" \/><\/figure>\n\n\n\n<figure class=\"wp-block-image size-full is-resized\"><img loading=\"lazy\" decoding=\"async\" width=\"1008\" height=\"756\" src=\"http:\/\/softlinecargo.com\/wp-content\/uploads\/2024\/07\/IMG-20200805-WA0012-3.jpg\" alt=\"\" class=\"wp-image-145\" style=\"width:234px;height:auto\" srcset=\"https:\/\/softlinecargo.com\/wp-content\/uploads\/2024\/07\/IMG-20200805-WA0012-3.jpg 1008w, https:\/\/softlinecargo.com\/wp-content\/uploads\/2024\/07\/IMG-20200805-WA0012-3-300x225.jpg 300w, https:\/\/softlinecargo.com\/wp-content\/uploads\/2024\/07\/IMG-20200805-WA0012-3-768x576.jpg 768w\" sizes=\"auto, (max-width: 1008px) 100vw, 1008px\" \/><\/figure>\n\n\n\n<figure class=\"wp-block-image size-full is-resized\"><img loading=\"lazy\" decoding=\"async\" width=\"284\" height=\"178\" src=\"http:\/\/softlinecargo.com\/wp-content\/uploads\/2024\/07\/demglo-1.jpeg\" alt=\"\" class=\"wp-image-152\" style=\"width:309px;height:auto\"\/><\/figure>\n<\/div>\n<\/div>\n<\/div>\n<\/div><\/div>\n","protected":false},"excerpt":{"rendered":"<p>Le d\u00e9m\u00e9nageur de l\u2019extr\u00eame!<\/p>\n","protected":false},"author":1,"featured_media":0,"parent":0,"menu_order":0,"comment_status":"closed","ping_status":"closed","template":"","meta":{"footnotes":""},"class_list":["post-127","page","type-page","status-publish","hentry"],"_links":{"self":[{"href":"https:\/\/softlinecargo.com\/index.php?rest_route=\/wp\/v2\/pages\/127","targetHints":{"allow":["GET"]}}],"collection":[{"href":"https:\/\/softlinecargo.com\/index.php?rest_route=\/wp\/v2\/pages"}],"about":[{"href":"https:\/\/softlinecargo.com\/index.php?rest_route=\/wp\/v2\/types\/page"}],"author":[{"embeddable":true,"href":"https:\/\/softlinecargo.com\/index.php?rest_route=\/wp\/v2\/users\/1"}],"replies":[{"embeddable":true,"href":"https:\/\/softlinecargo.com\/index.php?rest_route=%2Fwp%2Fv2%2Fcomments&post=127"}],"version-history":[{"count":8,"href":"https:\/\/softlinecargo.com\/index.php?rest_route=\/wp\/v2\/pages\/127\/revisions"}],"predecessor-version":[{"id":207,"href":"https:\/\/softlinecargo.com\/index.php?rest_route=\/wp\/v2\/pages\/127\/revisions\/207"}],"wp:attachment":[{"href":"https:\/\/softlinecargo.com\/index.php?rest_route=%2Fwp%2Fv2%2Fmedia&parent=127"}],"curies":[{"name":"wp","href":"https:\/\/api.w.org\/{rel}","templated":true}]}}